{"id":543,"date":"2021-03-29T20:31:10","date_gmt":"2021-03-29T18:31:10","guid":{"rendered":"http:\/\/honklabs.com\/?page_id=543"},"modified":"2022-06-05T20:59:26","modified_gmt":"2022-06-05T18:59:26","slug":"pieces","status":"publish","type":"page","link":"https:\/\/honklabs.com\/de\/pieces\/","title":{"rendered":"Werkst\u00fccke"},"content":{"rendered":"<div data-elementor-type=\"wp-page\" data-elementor-id=\"543\" class=\"elementor elementor-543\">\n\t\t\t\t\t\t<section class=\"elementor-section elementor-top-section elementor-element elementor-element-dac4b94 elementor-section-content-middle elementor-section-boxed elementor-section-height-default elementor-section-height-default\" data-id=\"dac4b94\" data-element_type=\"section\" data-e-type=\"section\" data-settings=\"{&quot;background_background&quot;:&quot;classic&quot;}\">\n\t\t\t\t\t\t\t<div class=\"elementor-background-overlay\"><\/div>\n\t\t\t\t\t\t\t<div class=\"elementor-container elementor-column-gap-no\">\n\t\t\t\t\t<div class=\"elementor-column elementor-col-100 elementor-top-column elementor-element elementor-element-12a01c3e\" data-id=\"12a01c3e\" data-element_type=\"column\" data-e-type=\"column\">\n\t\t\t<div class=\"elementor-widget-wrap elementor-element-populated\">\n\t\t\t\t\t\t<div class=\"elementor-element elementor-element-7c66d164 elementor-widget elementor-widget-heading\" data-id=\"7c66d164\" data-element_type=\"widget\" data-e-type=\"widget\" data-widget_type=\"heading.default\">\n\t\t\t\t<div class=\"elementor-widget-container\">\n\t\t\t\t\t<h1 class=\"elementor-heading-title elementor-size-default\">Werkst\u00fccke<\/h1>\t\t\t\t<\/div>\n\t\t\t\t<\/div>\n\t\t\t\t\t<\/div>\n\t\t<\/div>\n\t\t\t\t\t<\/div>\n\t\t<\/section>\n\t\t\t\t<section class=\"elementor-section elementor-top-section elementor-element elementor-element-4aa7089c elementor-section-content-middle elementor-section-boxed elementor-section-height-default elementor-section-height-default\" data-id=\"4aa7089c\" data-element_type=\"section\" data-e-type=\"section\" data-settings=\"{&quot;background_background&quot;:&quot;classic&quot;}\">\n\t\t\t\t\t\t<div class=\"elementor-container elementor-column-gap-no\">\n\t\t\t\t\t<div class=\"elementor-column elementor-col-100 elementor-top-column elementor-element elementor-element-2c7b3ba5\" data-id=\"2c7b3ba5\" data-element_type=\"column\" data-e-type=\"column\">\n\t\t\t<div class=\"elementor-widget-wrap elementor-element-populated\">\n\t\t\t\t\t\t<div class=\"elementor-element elementor-element-1dfaf5ce elementor-widget elementor-widget-heading\" data-id=\"1dfaf5ce\" data-element_type=\"widget\" data-e-type=\"widget\" data-widget_type=\"heading.default\">\n\t\t\t\t<div class=\"elementor-widget-container\">\n\t\t\t\t\t<h5 class=\"elementor-heading-title elementor-size-default\">Werkst\u00fccke<\/h5>\t\t\t\t<\/div>\n\t\t\t\t<\/div>\n\t\t\t\t<div class=\"elementor-element elementor-element-78dd4b4c elementor-widget elementor-widget-heading\" data-id=\"78dd4b4c\" data-element_type=\"widget\" data-e-type=\"widget\" data-widget_type=\"heading.default\">\n\t\t\t\t<div class=\"elementor-widget-container\">\n\t\t\t\t\t<h2 class=\"elementor-heading-title elementor-size-default\">Vorstellung fertiger Custom Instrumente<\/h2>\t\t\t\t<\/div>\n\t\t\t\t<\/div>\n\t\t\t\t\t<\/div>\n\t\t<\/div>\n\t\t\t\t\t<\/div>\n\t\t<\/section>\n\t\t\t\t<section class=\"elementor-section elementor-top-section elementor-element elementor-element-cde24df elementor-section-boxed elementor-section-height-default elementor-section-height-default\" data-id=\"cde24df\" data-element_type=\"section\" data-e-type=\"section\" data-settings=\"{&quot;background_background&quot;:&quot;classic&quot;}\">\n\t\t\t\t\t\t<div class=\"elementor-container elementor-column-gap-default\">\n\t\t\t\t\t<div class=\"elementor-column elementor-col-50 elementor-top-column elementor-element elementor-element-5eb62c9\" data-id=\"5eb62c9\" data-element_type=\"column\" data-e-type=\"column\">\n\t\t\t<div class=\"elementor-widget-wrap elementor-element-populated\">\n\t\t\t\t\t\t<div class=\"elementor-element elementor-element-c86d32b elementor-widget elementor-widget-heading\" data-id=\"c86d32b\" data-element_type=\"widget\" data-e-type=\"widget\" data-widget_type=\"heading.default\">\n\t\t\t\t<div class=\"elementor-widget-container\">\n\t\t\t\t\t<h2 class=\"elementor-heading-title elementor-size-default\"><a href=\"https:\/\/honklabs.com\/de\/pieces\/spectral-cluster\/\">Spectral Cluster SC-17<\/a><\/h2>\t\t\t\t<\/div>\n\t\t\t\t<\/div>\n\t\t\t\t<div class=\"elementor-element elementor-element-289c237 elementor-widget elementor-widget-text-editor\" data-id=\"289c237\" data-element_type=\"widget\" data-e-type=\"widget\" data-widget_type=\"text-editor.default\">\n\t\t\t\t<div class=\"elementor-widget-container\">\n\t\t\t\t\t\t\t\t\t<p class=\"translation-block\">Ein speziell f\u00fcr die Komponistin <a href=\"https:\/\/marinakhorkova.com\/\" target=\"_self\">Marina Khorkova<\/a>  gebautes Instrument, das auf elektromagnetischer Tonanregung f\u00fcr stahlbesaitete Instrumente beruht. Der Spectral Cluster SC-17 deckt einen Umfang von 17 Saitench\u00f6re ab und ist f\u00fcr Klaviere ohne Tasten und Mechanik sowie f\u00fcr Fl\u00fcgel mit gerader Besaitung konzipiert. <br><br><\/p><p>\u00a0<\/p>\t\t\t\t\t\t\t\t<\/div>\n\t\t\t\t<\/div>\n\t\t\t\t\t<\/div>\n\t\t<\/div>\n\t\t\t\t<div class=\"elementor-column elementor-col-50 elementor-top-column elementor-element elementor-element-1392a61\" data-id=\"1392a61\" data-element_type=\"column\" data-e-type=\"column\">\n\t\t\t<div class=\"elementor-widget-wrap elementor-element-populated\">\n\t\t\t\t\t\t<div class=\"elementor-element elementor-element-a1cd770 elementor-widget elementor-widget-image\" data-id=\"a1cd770\" data-element_type=\"widget\" data-e-type=\"widget\" data-widget_type=\"image.default\">\n\t\t\t\t<div class=\"elementor-widget-container\">\n\t\t\t\t\t\t\t\t\t\t\t\t\t\t\t<img fetchpriority=\"high\" decoding=\"async\" width=\"1024\" height=\"576\" src=\"https:\/\/honklabs.com\/wp-content\/uploads\/2022\/06\/spectral-cluster-7-1024x576.jpg\" class=\"attachment-large size-large wp-image-1274\" alt=\"\" srcset=\"https:\/\/honklabs.com\/wp-content\/uploads\/2022\/06\/spectral-cluster-7-1024x576.jpg 1024w, https:\/\/honklabs.com\/wp-content\/uploads\/2022\/06\/spectral-cluster-7-300x169.jpg 300w, https:\/\/honklabs.com\/wp-content\/uploads\/2022\/06\/spectral-cluster-7-768x432.jpg 768w, https:\/\/honklabs.com\/wp-content\/uploads\/2022\/06\/spectral-cluster-7-1536x864.jpg 1536w, https:\/\/honklabs.com\/wp-content\/uploads\/2022\/06\/spectral-cluster-7-2048x1152.jpg 2048w, https:\/\/honklabs.com\/wp-content\/uploads\/2022\/06\/spectral-cluster-7-18x10.jpg 18w\" sizes=\"(max-width: 1024px) 100vw, 1024px\" \/>\t\t\t\t\t\t\t\t\t\t\t\t\t\t\t<\/div>\n\t\t\t\t<\/div>\n\t\t\t\t\t<\/div>\n\t\t<\/div>\n\t\t\t\t\t<\/div>\n\t\t<\/section>\n\t\t\t\t<section class=\"elementor-section elementor-top-section elementor-element elementor-element-dce8669 elementor-section-boxed elementor-section-height-default elementor-section-height-default\" data-id=\"dce8669\" data-element_type=\"section\" data-e-type=\"section\">\n\t\t\t\t\t\t<div class=\"elementor-container elementor-column-gap-default\">\n\t\t\t\t\t<div class=\"elementor-column elementor-col-100 elementor-top-column elementor-element elementor-element-2462ad4\" data-id=\"2462ad4\" data-element_type=\"column\" data-e-type=\"column\">\n\t\t\t<div class=\"elementor-widget-wrap elementor-element-populated\">\n\t\t\t\t\t\t<div class=\"elementor-element elementor-element-cc3219c elementor-widget elementor-widget-spacer\" data-id=\"cc3219c\" data-element_type=\"widget\" data-e-type=\"widget\" data-widget_type=\"spacer.default\">\n\t\t\t\t<div class=\"elementor-widget-container\">\n\t\t\t\t\t\t\t<div class=\"elementor-spacer\">\n\t\t\t<div class=\"elementor-spacer-inner\"><\/div>\n\t\t<\/div>\n\t\t\t\t\t\t<\/div>\n\t\t\t\t<\/div>\n\t\t\t\t\t<\/div>\n\t\t<\/div>\n\t\t\t\t\t<\/div>\n\t\t<\/section>\n\t\t\t\t<section class=\"elementor-section elementor-top-section elementor-element elementor-element-93f456b elementor-section-boxed elementor-section-height-default elementor-section-height-default\" data-id=\"93f456b\" data-element_type=\"section\" data-e-type=\"section\" data-settings=\"{&quot;background_background&quot;:&quot;classic&quot;}\">\n\t\t\t\t\t\t<div class=\"elementor-container elementor-column-gap-default\">\n\t\t\t\t\t<div class=\"elementor-column elementor-col-50 elementor-top-column elementor-element elementor-element-bee2982\" data-id=\"bee2982\" data-element_type=\"column\" data-e-type=\"column\">\n\t\t\t<div class=\"elementor-widget-wrap elementor-element-populated\">\n\t\t\t\t\t\t<div class=\"elementor-element elementor-element-f830199 elementor-widget elementor-widget-image\" data-id=\"f830199\" data-element_type=\"widget\" data-e-type=\"widget\" data-widget_type=\"image.default\">\n\t\t\t\t<div class=\"elementor-widget-container\">\n\t\t\t\t\t\t\t\t\t\t\t\t\t\t\t<img decoding=\"async\" width=\"1024\" height=\"576\" src=\"https:\/\/honklabs.com\/wp-content\/uploads\/2021\/05\/20210424_111912-1024x576.jpg\" class=\"attachment-large size-large wp-image-814\" alt=\"\" srcset=\"https:\/\/honklabs.com\/wp-content\/uploads\/2021\/05\/20210424_111912-1024x576.jpg 1024w, https:\/\/honklabs.com\/wp-content\/uploads\/2021\/05\/20210424_111912-300x169.jpg 300w, https:\/\/honklabs.com\/wp-content\/uploads\/2021\/05\/20210424_111912-768x432.jpg 768w, https:\/\/honklabs.com\/wp-content\/uploads\/2021\/05\/20210424_111912-1536x864.jpg 1536w, https:\/\/honklabs.com\/wp-content\/uploads\/2021\/05\/20210424_111912-2048x1152.jpg 2048w\" sizes=\"(max-width: 1024px) 100vw, 1024px\" \/>\t\t\t\t\t\t\t\t\t\t\t\t\t\t\t<\/div>\n\t\t\t\t<\/div>\n\t\t\t\t\t<\/div>\n\t\t<\/div>\n\t\t\t\t<div class=\"elementor-column elementor-col-50 elementor-top-column elementor-element elementor-element-3152f3b\" data-id=\"3152f3b\" data-element_type=\"column\" data-e-type=\"column\">\n\t\t\t<div class=\"elementor-widget-wrap elementor-element-populated\">\n\t\t\t\t\t\t<div class=\"elementor-element elementor-element-0639469 elementor-widget elementor-widget-heading\" data-id=\"0639469\" data-element_type=\"widget\" data-e-type=\"widget\" data-widget_type=\"heading.default\">\n\t\t\t\t<div class=\"elementor-widget-container\">\n\t\t\t\t\t<h2 class=\"elementor-heading-title elementor-size-default\"><a href=\"https:\/\/honklabs.com\/de\/pieces\/tube-tremolo-overdrive\/\">Custom gebautes Overdrive\/Tremolo<\/a><\/h2>\t\t\t\t<\/div>\n\t\t\t\t<\/div>\n\t\t\t\t<div class=\"elementor-element elementor-element-eb0882b elementor-widget elementor-widget-text-editor\" data-id=\"eb0882b\" data-element_type=\"widget\" data-e-type=\"widget\" data-widget_type=\"text-editor.default\">\n\t\t\t\t<div class=\"elementor-widget-container\">\n\t\t\t\t\t\t\t\t\t<p>Dieser Custom-Gitarrenpedal-Effekt wurde im Jahr 2020 entwickelt. Er bietet die warme Verzerrung, die nur eine 12AX7-R\u00f6hre liefern kann. Die beiden Transformatoren liefern die Energie f\u00fcr die R\u00f6hrengl\u00fchf\u00e4den und die R\u00f6hrenplatten. <br \/>Als Holz wurde Makassar-Ebenholz gew\u00e4hlt, das in einem 16-Punkt-Radialbruchmuster verlegt ist, das die Aufmerksamkeit des Betrachters auf die R\u00f6hre lenkt: hier findet die Magie statt.<\/p><p>\u00a0<\/p>\t\t\t\t\t\t\t\t<\/div>\n\t\t\t\t<\/div>\n\t\t\t\t\t<\/div>\n\t\t<\/div>\n\t\t\t\t\t<\/div>\n\t\t<\/section>\n\t\t\t\t<\/div>","protected":false},"excerpt":{"rendered":"<p>Pieces Pieces Showcasing finished custom instruments Spectral Cluster SC-17 A custom instrument, built for composer Marina Khorkova, which relies on electro-magnetic tone excitement for steel-stringed instruments. The Spectral Cluster SC-17 spans over a range of 17 string courses and is designed for key- and actionless piano frames, as well as grand pianos, that are straight-stringed. [&hellip;]<\/p>\n","protected":false},"author":1,"featured_media":0,"parent":0,"menu_order":0,"comment_status":"closed","ping_status":"closed","template":"","meta":{"site-sidebar-layout":"no-sidebar","site-content-layout":"page-builder","ast-site-content-layout":"default","site-content-style":"default","site-sidebar-style":"default","ast-global-header-display":"","ast-banner-title-visibility":"","ast-main-header-display":"","ast-hfb-above-header-display":"","ast-hfb-below-header-display":"","ast-hfb-mobile-header-display":"","site-post-title":"disabled","ast-breadcrumbs-content":"","ast-featured-img":"disabled","footer-sml-layout":"","ast-disable-related-posts":"","theme-transparent-header-meta":"default","adv-header-id-meta":"","stick-header-meta":"","header-above-stick-meta":"","header-main-stick-meta":"","header-below-stick-meta":"","astra-migrate-meta-layouts":"default","ast-page-background-enabled":"default","ast-page-background-meta":{"desktop":{"background-color":"","background-image":"","background-repeat":"repeat","background-position":"center center","background-size":"auto","background-attachment":"scroll","background-type":"","background-media":"","overlay-type":"","overlay-color":"","overlay-opacity":"","overlay-gradient":""},"tablet":{"background-color":"","background-image":"","background-repeat":"repeat","background-position":"center center","background-size":"auto","background-attachment":"scroll","background-type":"","background-media":"","overlay-type":"","overlay-color":"","overlay-opacity":"","overlay-gradient":""},"mobile":{"background-color":"","background-image":"","background-repeat":"repeat","background-position":"center center","background-size":"auto","background-attachment":"scroll","background-type":"","background-media":"","overlay-type":"","overlay-color":"","overlay-opacity":"","overlay-gradient":""}},"ast-content-background-meta":{"desktop":{"background-color":"var(--ast-global-color-5)","background-image":"","background-repeat":"repeat","background-position":"center center","background-size":"auto","background-attachment":"scroll","background-type":"","background-media":"","overlay-type":"","overlay-color":"","overlay-opacity":"","overlay-gradient":""},"tablet":{"background-color":"var(--ast-global-color-5)","background-image":"","background-repeat":"repeat","background-position":"center center","background-size":"auto","background-attachment":"scroll","background-type":"","background-media":"","overlay-type":"","overlay-color":"","overlay-opacity":"","overlay-gradient":""},"mobile":{"background-color":"var(--ast-global-color-5)","background-image":"","background-repeat":"repeat","background-position":"center center","background-size":"auto","background-attachment":"scroll","background-type":"","background-media":"","overlay-type":"","overlay-color":"","overlay-opacity":"","overlay-gradient":""}},"footnotes":""},"class_list":["post-543","page","type-page","status-publish","hentry"],"yoast_head":"<!-- This site is optimized with the Yoast SEO plugin v27.4 - https:\/\/yoast.com\/product\/yoast-seo-wordpress\/ -->\n<title>Pieces &#8212; HonkLabs<\/title>\n<meta name=\"robots\" content=\"index, follow, max-snippet:-1, max-image-preview:large, max-video-preview:-1\" \/>\n<link rel=\"canonical\" href=\"https:\/\/honklabs.com\/de\/pieces\/\" \/>\n<meta property=\"og:locale\" content=\"de_DE\" \/>\n<meta property=\"og:type\" content=\"article\" \/>\n<meta property=\"og:title\" content=\"Pieces &#8212; HonkLabs\" \/>\n<meta property=\"og:description\" content=\"Pieces Pieces Showcasing finished custom instruments Spectral Cluster SC-17 A custom instrument, built for composer Marina Khorkova, which relies on electro-magnetic tone excitement for steel-stringed instruments. The Spectral Cluster SC-17 spans over a range of 17 string courses and is designed for key- and actionless piano frames, as well as grand pianos, that are straight-stringed. [&hellip;]\" \/>\n<meta property=\"og:url\" content=\"https:\/\/honklabs.com\/de\/pieces\/\" \/>\n<meta property=\"og:site_name\" content=\"HonkLabs\" \/>\n<meta property=\"article:modified_time\" content=\"2022-06-05T18:59:26+00:00\" \/>\n<meta property=\"og:image\" content=\"https:\/\/honklabs.com\/wp-content\/uploads\/2022\/06\/spectral-cluster-7-1024x576.jpg\" \/>\n<meta name=\"twitter:card\" content=\"summary_large_image\" \/>\n<meta name=\"twitter:label1\" content=\"Gesch\u00e4tzte Lesezeit\" \/>\n\t<meta name=\"twitter:data1\" content=\"1\u00a0Minute\" \/>\n<script type=\"application\/ld+json\" class=\"yoast-schema-graph\">{\"@context\":\"https:\\\/\\\/schema.org\",\"@graph\":[{\"@type\":\"WebPage\",\"@id\":\"https:\\\/\\\/honklabs.com\\\/pieces\\\/\",\"url\":\"https:\\\/\\\/honklabs.com\\\/pieces\\\/\",\"name\":\"Pieces &#8212; HonkLabs\",\"isPartOf\":{\"@id\":\"https:\\\/\\\/honklabs.com\\\/#website\"},\"primaryImageOfPage\":{\"@id\":\"https:\\\/\\\/honklabs.com\\\/pieces\\\/#primaryimage\"},\"image\":{\"@id\":\"https:\\\/\\\/honklabs.com\\\/pieces\\\/#primaryimage\"},\"thumbnailUrl\":\"https:\\\/\\\/honklabs.com\\\/wp-content\\\/uploads\\\/2022\\\/06\\\/spectral-cluster-7-1024x576.jpg\",\"datePublished\":\"2021-03-29T18:31:10+00:00\",\"dateModified\":\"2022-06-05T18:59:26+00:00\",\"breadcrumb\":{\"@id\":\"https:\\\/\\\/honklabs.com\\\/pieces\\\/#breadcrumb\"},\"inLanguage\":\"de\",\"potentialAction\":[{\"@type\":\"ReadAction\",\"target\":[\"https:\\\/\\\/honklabs.com\\\/pieces\\\/\"]}]},{\"@type\":\"ImageObject\",\"inLanguage\":\"de\",\"@id\":\"https:\\\/\\\/honklabs.com\\\/pieces\\\/#primaryimage\",\"url\":\"https:\\\/\\\/honklabs.com\\\/wp-content\\\/uploads\\\/2022\\\/06\\\/spectral-cluster-7-1024x576.jpg\",\"contentUrl\":\"https:\\\/\\\/honklabs.com\\\/wp-content\\\/uploads\\\/2022\\\/06\\\/spectral-cluster-7-1024x576.jpg\"},{\"@type\":\"BreadcrumbList\",\"@id\":\"https:\\\/\\\/honklabs.com\\\/pieces\\\/#breadcrumb\",\"itemListElement\":[{\"@type\":\"ListItem\",\"position\":1,\"name\":\"Home\",\"item\":\"https:\\\/\\\/honklabs.com\\\/\"},{\"@type\":\"ListItem\",\"position\":2,\"name\":\"Pieces\"}]},{\"@type\":\"WebSite\",\"@id\":\"https:\\\/\\\/honklabs.com\\\/#website\",\"url\":\"https:\\\/\\\/honklabs.com\\\/\",\"name\":\"HonkLabs\",\"description\":\"Building and repairing musical instruments\",\"publisher\":{\"@id\":\"https:\\\/\\\/honklabs.com\\\/#organization\"},\"potentialAction\":[{\"@type\":\"SearchAction\",\"target\":{\"@type\":\"EntryPoint\",\"urlTemplate\":\"https:\\\/\\\/honklabs.com\\\/?s={search_term_string}\"},\"query-input\":{\"@type\":\"PropertyValueSpecification\",\"valueRequired\":true,\"valueName\":\"search_term_string\"}}],\"inLanguage\":\"de\"},{\"@type\":\"Organization\",\"@id\":\"https:\\\/\\\/honklabs.com\\\/#organization\",\"name\":\"Ian Belinchon\",\"url\":\"https:\\\/\\\/honklabs.com\\\/\",\"logo\":{\"@type\":\"ImageObject\",\"inLanguage\":\"de\",\"@id\":\"https:\\\/\\\/honklabs.com\\\/#\\\/schema\\\/logo\\\/image\\\/\",\"url\":\"https:\\\/\\\/honklabs.com\\\/wp-content\\\/uploads\\\/2021\\\/05\\\/Honklabs-Website-LOGO-PNG-BLK-with-text.png\",\"contentUrl\":\"https:\\\/\\\/honklabs.com\\\/wp-content\\\/uploads\\\/2021\\\/05\\\/Honklabs-Website-LOGO-PNG-BLK-with-text.png\",\"width\":2339,\"height\":772,\"caption\":\"Ian Belinchon\"},\"image\":{\"@id\":\"https:\\\/\\\/honklabs.com\\\/#\\\/schema\\\/logo\\\/image\\\/\"},\"sameAs\":[\"https:\\\/\\\/www.instagram.com\\\/honklabs\\\/\"]}]}<\/script>\n<!-- \/ Yoast SEO plugin. -->","yoast_head_json":{"title":"Pieces &#8212; HonkLabs","robots":{"index":"index","follow":"follow","max-snippet":"max-snippet:-1","max-image-preview":"max-image-preview:large","max-video-preview":"max-video-preview:-1"},"canonical":"https:\/\/honklabs.com\/de\/pieces\/","og_locale":"de_DE","og_type":"article","og_title":"Pieces &#8212; HonkLabs","og_description":"Pieces Pieces Showcasing finished custom instruments Spectral Cluster SC-17 A custom instrument, built for composer Marina Khorkova, which relies on electro-magnetic tone excitement for steel-stringed instruments. The Spectral Cluster SC-17 spans over a range of 17 string courses and is designed for key- and actionless piano frames, as well as grand pianos, that are straight-stringed. [&hellip;]","og_url":"https:\/\/honklabs.com\/de\/pieces\/","og_site_name":"HonkLabs","article_modified_time":"2022-06-05T18:59:26+00:00","og_image":[{"url":"https:\/\/honklabs.com\/wp-content\/uploads\/2022\/06\/spectral-cluster-7-1024x576.jpg","type":"","width":"","height":""}],"twitter_card":"summary_large_image","twitter_misc":{"Gesch\u00e4tzte Lesezeit":"1\u00a0Minute"},"schema":{"@context":"https:\/\/schema.org","@graph":[{"@type":"WebPage","@id":"https:\/\/honklabs.com\/pieces\/","url":"https:\/\/honklabs.com\/pieces\/","name":"Pieces &#8212; HonkLabs","isPartOf":{"@id":"https:\/\/honklabs.com\/#website"},"primaryImageOfPage":{"@id":"https:\/\/honklabs.com\/pieces\/#primaryimage"},"image":{"@id":"https:\/\/honklabs.com\/pieces\/#primaryimage"},"thumbnailUrl":"https:\/\/honklabs.com\/wp-content\/uploads\/2022\/06\/spectral-cluster-7-1024x576.jpg","datePublished":"2021-03-29T18:31:10+00:00","dateModified":"2022-06-05T18:59:26+00:00","breadcrumb":{"@id":"https:\/\/honklabs.com\/pieces\/#breadcrumb"},"inLanguage":"de","potentialAction":[{"@type":"ReadAction","target":["https:\/\/honklabs.com\/pieces\/"]}]},{"@type":"ImageObject","inLanguage":"de","@id":"https:\/\/honklabs.com\/pieces\/#primaryimage","url":"https:\/\/honklabs.com\/wp-content\/uploads\/2022\/06\/spectral-cluster-7-1024x576.jpg","contentUrl":"https:\/\/honklabs.com\/wp-content\/uploads\/2022\/06\/spectral-cluster-7-1024x576.jpg"},{"@type":"BreadcrumbList","@id":"https:\/\/honklabs.com\/pieces\/#breadcrumb","itemListElement":[{"@type":"ListItem","position":1,"name":"Home","item":"https:\/\/honklabs.com\/"},{"@type":"ListItem","position":2,"name":"Pieces"}]},{"@type":"WebSite","@id":"https:\/\/honklabs.com\/#website","url":"https:\/\/honklabs.com\/","name":"HonkLabs","description":"Building and repairing musical instruments","publisher":{"@id":"https:\/\/honklabs.com\/#organization"},"potentialAction":[{"@type":"SearchAction","target":{"@type":"EntryPoint","urlTemplate":"https:\/\/honklabs.com\/?s={search_term_string}"},"query-input":{"@type":"PropertyValueSpecification","valueRequired":true,"valueName":"search_term_string"}}],"inLanguage":"de"},{"@type":"Organization","@id":"https:\/\/honklabs.com\/#organization","name":"Ian Belinchon","url":"https:\/\/honklabs.com\/","logo":{"@type":"ImageObject","inLanguage":"de","@id":"https:\/\/honklabs.com\/#\/schema\/logo\/image\/","url":"https:\/\/honklabs.com\/wp-content\/uploads\/2021\/05\/Honklabs-Website-LOGO-PNG-BLK-with-text.png","contentUrl":"https:\/\/honklabs.com\/wp-content\/uploads\/2021\/05\/Honklabs-Website-LOGO-PNG-BLK-with-text.png","width":2339,"height":772,"caption":"Ian Belinchon"},"image":{"@id":"https:\/\/honklabs.com\/#\/schema\/logo\/image\/"},"sameAs":["https:\/\/www.instagram.com\/honklabs\/"]}]}},"_links":{"self":[{"href":"https:\/\/honklabs.com\/de\/wp-json\/wp\/v2\/pages\/543","targetHints":{"allow":["GET"]}}],"collection":[{"href":"https:\/\/honklabs.com\/de\/wp-json\/wp\/v2\/pages"}],"about":[{"href":"https:\/\/honklabs.com\/de\/wp-json\/wp\/v2\/types\/page"}],"author":[{"embeddable":true,"href":"https:\/\/honklabs.com\/de\/wp-json\/wp\/v2\/users\/1"}],"replies":[{"embeddable":true,"href":"https:\/\/honklabs.com\/de\/wp-json\/wp\/v2\/comments?post=543"}],"version-history":[{"count":85,"href":"https:\/\/honklabs.com\/de\/wp-json\/wp\/v2\/pages\/543\/revisions"}],"predecessor-version":[{"id":1301,"href":"https:\/\/honklabs.com\/de\/wp-json\/wp\/v2\/pages\/543\/revisions\/1301"}],"wp:attachment":[{"href":"https:\/\/honklabs.com\/de\/wp-json\/wp\/v2\/media?parent=543"}],"curies":[{"name":"wp","href":"https:\/\/api.w.org\/{rel}","templated":true}]}}